{"id":85,"date":"2024-05-01T19:19:47","date_gmt":"2024-05-01T19:19:47","guid":{"rendered":"https:\/\/j-etol.com\/?page_id=85"},"modified":"2026-01-24T20:26:47","modified_gmt":"2026-01-24T20:26:47","slug":"journal-boards","status":"publish","type":"page","link":"https:\/\/j-ilt.com\/index.php\/journal-boards\/","title":{"rendered":"Journal Boards"},"content":{"rendered":"\n<h3 class=\"wp-block-heading\">Owner \/ Publisher<\/h3>\n\n\n\n<div style=\"margin-bottom:50px;overflow:auto;\">\n  <img decoding=\"async\" style=\"display:block; float:left; height:70px; \" src=\"https:\/\/j-ilt.com\/wp-content\/uploads\/2026\/01\/gurhan.jpeg\" \/>\n  <div style=\"float:left; margin-left:20px; padding:0px; width: 80%;\">\n    <div>Dr. G\u00fcrhan Durak<\/div>\n    <div style=\"margin-top:10px;\">Bal\u0131kesir University, Necatibey Faculty of Education, Department of Instructional Technologies, T\u00fcrkiye\n<br \/>\nThe Open University, Institute of Educational Technology, United Kingdom\n<br \/>\n(Orcid: <a href=\"https:\/\/orcid.org\/0000-0003-2944-3713\">0000-0003-2944-3713<\/a>)\n<\/div>\n  <\/div>\n<\/div>\n\n\n\n<h3 class=\"wp-block-heading\">Editor-in-Chief<\/h3>\n\n\n\n<div style=\"margin-bottom:50px;overflow:auto;\">\n  <img decoding=\"async\" style=\"display:block; float:left; height:70px; \" src=\"https:\/\/j-ilt.com\/wp-content\/uploads\/2026\/01\/gurhan.jpeg\" \/>\n  <div style=\"float:left; margin-left:20px; padding:0px; width: 80%;\">\n    <div>Dr. G\u00fcrhan Durak<\/div>\n    <div style=\"margin-top:10px;\">Bal\u0131kesir University, Necatibey Faculty of Education, Department of Instructional Technologies, T\u00fcrkiye\n<br \/>\nThe Open University, Institute of Educational Technology, United Kingdom\n<br \/>\n(Orcid: <a href=\"https:\/\/orcid.org\/0000-0003-2944-3713\">0000-0003-2944-3713<\/a>)\n<\/div>\n  <\/div>\n<\/div>\n\n\n\n<h3 class=\"wp-block-heading\">Associate Editors<\/h3>\n\n\n\n<div style=\"margin-bottom:50px;overflow:auto;\">\n  <img decoding=\"async\" style=\"display:block; float:left; height:70px; \" src=\"https:\/\/dergipark.org.tr\/media\/cache\/user_croped\/116e\/b289\/76da\/61c04ae69721e.jpg\" \/>\n  <div style=\"float:left; margin-left:20px; padding:0px; width:80%;\">\n    <div>Dr. Hatice Y\u0131ld\u0131z Durak<\/div>\n    <div style=\"margin-top:10px;\">Necmettin Erbakan University, Faculty of Education, Department of Education Curriculum and Instruction, T\u00fcrkiye (Orcid: <a href=\"https:\/\/orcid.org\/0000-0002-5689-1805\">0000-0002-5689-1805<\/a>)<\/div>\n  <\/div>\n<\/div>\n\n\n\n<div style=\"margin-bottom:50px;overflow:auto;\">\n  <img decoding=\"async\" style=\"display:block; float:left; height:70px; \" src=\"https:\/\/dergipark.org.tr\/media\/cache\/user_croped\/4d68\/f21d\/aec3\/5a1c4c2be02c4.jpg\" \/>\n  <div style=\"float:left; margin-left:20px; padding:0px; width:80%\">\n    <div>Dr. Serkan \u00c7ankaya<\/div>\n    <div style=\"margin-top:10px;\">\u0130zmir Demokrasi University, Faculty of Economics and Administrative Sciences, Department of Management Information Systems, T\u00fcrkiye (Orcid: <a href=\"https:\/\/orcid.org\/0000-0002-3951-9809\">0000-0002-3951-9809<\/a>)<\/div>\n  <\/div>\n<\/div>\n\n\n\n<h3 class=\"wp-block-heading\">Editors<\/h3>\n\n\n\n<div style=\"margin-bottom:50px;overflow:auto;\">\n  <img decoding=\"async\" style=\"display:block; float:left; height:70px; \" src=\"https:\/\/dergipark.org.tr\/media\/cache\/user_croped\/49f6\/9bb3\/ab81\/664e4b0492a86.jpg\" \/>\n  <div style=\"float:left; margin-left:20px; padding:0px; width:80%;\">\n    <div>Dr. Bart Rienties<\/div>\n    <div style=\"margin-top:10px;\">The Open University, Institute of Educational Technology, United Kingdom (Orcid: <a href=\"https:\/\/orcid.org\/0000-0003-3749-9629\">0000-0003-3749-9629<\/a>)<\/div>\n  <\/div>\n<\/div>\n\n\n\n<div style=\"margin-bottom:50px;overflow:auto;\">\n  <img decoding=\"async\" style=\"display:block; float:left; height:70px; \" src=\"https:\/\/j-etol.com\/wp-content\/uploads\/2024\/08\/jo.webp\" \/>\n  <div style=\"float:left; margin-left:20px; padding:0px; width:80%;\">\n    <div>Dr. Jo Tondeur<\/div>\n    <div style=\"margin-top:10px;\">Vrije Universiteit Brussel, Interfacultair Departement Lerarenopleiding, Belgium  (Orcid: <a href=\"https:\/\/orcid.org\/0000-0002-3807-5361\">0000-0002-3807-5361<\/a>)<\/div>\n  <\/div>\n<\/div>\n\n\n\n<div style=\"margin-bottom:50px;overflow:auto;\">\n  <img decoding=\"async\" style=\"display:block; float:left; height:70px; \" src=\"https:\/\/j-etol.com\/wp-content\/uploads\/2024\/08\/Josep-M.-Duart-2023.png\" \/>\n  <div style=\"float:left; margin-left:20px; padding:0px; width:80%;\">\n    <div>Dr. Josep M Duart<\/div>\n    <div style=\"margin-top:10px;\">Universitat Oberta de Catalunya (UOC), Psychology and Education Sciences Department, Spain (Orcid: <a href=\"https:\/\/orcid.org\/0000-0002-5123-0370\">0000-0002-5123-0370<\/a>)<\/div>\n  <\/div>\n<\/div>\n\n\n\n\n\n<h3 class=\"wp-block-heading\">Publication Editor<\/h3>\n\n\n\n<div style=\"margin-bottom:50px;overflow:auto;\">\n  <img decoding=\"async\" style=\"display:block; float:left; height:70px; \" src=\"https:\/\/dergipark.org.tr\/media\/cache\/user_croped\/4d68\/f21d\/aec3\/5a1c4c2be02c4.jpg\" \/>\n  <div style=\"float:left; margin-left:20px; padding:0px; width:80%\">\n    <div>Dr. Serkan \u00c7ankaya<\/div>\n    <div style=\"margin-top:10px;\">\u0130zmir Demokrasi University, Faculty of Economics and Administrative Sciences, Department of Management Information Systems, T\u00fcrkiye (Orcid: <a href=\"https:\/\/orcid.org\/0000-0002-3951-9809\">0000-0002-3951-9809<\/a>)<\/div>\n  <\/div>\n<\/div>\n\n\n\n<h3 class=\"wp-block-heading\">Language Editor<\/h3>\n\n\n\n<div style=\"margin-bottom:50px;overflow:auto;\">\n  <img decoding=\"async\" style=\"display:block; float:left; height:70px; \" src=\"https:\/\/j-etol.com\/wp-content\/uploads\/2024\/08\/64e46805c7c86.jpg\" \/>\n  <div style=\"float:left; margin-left:20px; padding:0px; width:80%;\">\n    <div>Dr. Tuba \u00d6zg\u00fcn<\/div>\n    <div style=\"margin-top:10px;\">\u00c7anakkale Onsekiz Mart University, T\u00fcrkiye (Orcid: <a href=\"https:\/\/orcid.org\/0000-0003-4259-2908\">0000-0003-4259-2908<\/a>)<\/div>\n  <\/div>\n<\/div>\n\n\n\n<h3 class=\"wp-block-heading\">Editorial Board<\/h3>\n\n\n\n<p>*Alphabetical Order<\/p>\n\n\n\n<table border=\"1\">\n  <thead>\n    <tr>\n      <th>Name<\/th>\n      <th>University<\/th>\n      <th>Country<\/th>\n    <\/tr>\n  <\/thead>\n  <tbody>\n    <tr>\n      <td>Adrian Ad\u0103sc\u0103li\u021bei<\/td>\n      <td>Gheorghe Asachi Technical University Ia\u0219i<\/td>\n      <td>Romania<\/td>\n    <\/tr>\n    <tr>\n      <td>Amine Hatun Ata\u015f<\/td>\n      <td>Galatasaray University<\/td>\n      <td>T\u00fcrkiye<\/td>\n    <\/tr>\n    <tr>\n      <td>Annika Bush<\/td>\n      <td>The Research Center Trustworthy Data Science and Security<\/td>\n      <td>Germany<\/td>\n    <\/tr>\n    <tr>\n      <td>Bas Giesbers<\/td>\n      <td>Maastricht University<\/td>\n      <td>The Netherlands<\/td>\n    <\/tr>\n    <tr>\n      <td>Cengiz Hakan Ayd\u0131n<\/td>\n      <td>Anadolu University<\/td>\n      <td>T\u00fcrkiye<\/td>\n    <\/tr>\n    <tr>\n      <td>Chadia Mansour<\/td>\n      <td>Athabasca University<\/td>\n      <td>Canada<\/td>\n    <\/tr>\n    <tr>\n      <td>Chahra Beloufa<\/td>\n      <td>Arab Open University<\/td>\n      <td>Saudi Arabia<\/td>\n    <\/tr>\n    <tr>\n      <td>Chrissi Nerantzi<\/td>\n      <td>University of Leeds<\/td>\n      <td>United Kingdom<\/td>\n    <\/tr>\n    <tr>\n      <td>Deepika Kohli<\/td>\n      <td>Khalsa College of Education<\/td>\n      <td>India<\/td>\n    <\/tr>\n    <tr>\n      <td>Derya Uygun<\/td>\n      <td>Ministry of National Education<\/td>\n      <td>T\u00fcrkiye<\/td>\n    <\/tr>\n    <tr>\n      <td>Engin Kur\u015fun<\/td>\n      <td>Atat\u00fcrk University<\/td>\n      <td>T\u00fcrkiye<\/td>\n    <\/tr>\n    <tr>\n      <td>Hakan Alt\u0131npulluk<\/td>\n      <td>Anadolu University<\/td>\n      <td>T\u00fcrkiye<\/td>\n    <\/tr>\n    <tr>\n      <td>H\u00fcsem Korkmaz<\/td>\n      <td>Manisa Celal Bayar University<\/td>\n      <td>T\u00fcrkiye<\/td>\n    <\/tr>\n    <tr>\n      <td>Jeffrey Keefer<\/td>\n      <td>New York State University<\/td>\n      <td>United States<\/td>\n    <\/tr>\n    <tr>\n      <td>Joanne Roxburgh<\/td>\n      <td>Lancaster University<\/td>\n      <td>United Kingdom<\/td>\n    <\/tr>\n    <tr>\n      <td>Kathryn Maccallum<\/td>\n      <td>University of Canterbury<\/td>\n      <td>New Zealand<\/td>\n    <\/tr>\n    <tr>\n      <td>Margaret Korosec<\/td>\n      <td>University of Leeds<\/td>\n      <td>United Kingdom<\/td>\n    <\/tr>\n    <tr>\n      <td>Mauro Maria Baldi<\/td>\n      <td>University of Macerata<\/td>\n      <td>Italy<\/td>\n    <\/tr>\n    <tr>\n      <td>Mehmet G\u00f6kce<\/td>\n      <td>K\u00fctahya Health Sciences University<\/td>\n      <td>T\u00fcrkiye<\/td>\n    <\/tr>\n    <tr>\n      <td>Meltem Aksoy<\/td>\n      <td>The Research Center Trustworthy Data Science and Security<\/td>\n      <td>Germany<\/td>\n    <\/tr>\n    <tr>\n      <td>Modise Mpho-Entle<\/td>\n      <td>University of South Africa<\/td>\n      <td>South Africa<\/td>\n    <\/tr>\n    <tr>\n      <td>Nihal \u00d6zdemir<\/td>\n      <td>Ba\u015fkent University<\/td>\n      <td>T\u00fcrkiye<\/td>\n    <\/tr>\n    <tr>\n      <td>Nursel Y\u0131lmaz<\/td>\n      <td>Osmaniye Korkut Ata University<\/td>\n      <td>T\u00fcrkiye<\/td>\n    <\/tr>\n    <tr>\n      <td>Osama Koraishi<\/td>\n      <td>Bursa Uluda\u011f University<\/td>\n      <td>T\u00fcrkiye<\/td>\n    <\/tr>\n    <tr>\n      <td>Ramashego Mphahlele<\/td>\n      <td>University of South Africa<\/td>\n      <td>South Africa<\/td>\n    <\/tr>\n    <tr>\n      <td>Ramesh Sharma<\/td>\n      <td>Dr B R Ambedkar University Delhi<\/td>\n      <td>India<\/td>\n    <\/tr>\n    <tr>\n      <td>Robert Farrow<\/td>\n      <td>The Open University<\/td>\n      <td>United Kingdom<\/td>\n    <\/tr>\n    <tr>\n      <td>Salha Abdo<\/td>\n      <td>Open University of Sudan<\/td>\n      <td>Sudan<\/td>\n    <\/tr>\n    <tr>\n      <td>Tuba Mirza<\/td>\n      <td>Education Technology<\/td>\n      <td>India<\/td>\n    <\/tr>\n    <tr>\n      <td>Veysel Bilal Arslankara<\/td>\n      <td>Hacettepe University<\/td>\n      <td>T\u00fcrkiye<\/td>\n    <\/tr>\n    <tr>\n      <td>Yacine Tazi<\/td>\n      <td>University of Central Florida<\/td>\n      <td>United States<\/td>\n    <\/tr>\n    <tr>\n      <td>Yousra Ferchichi<\/td>\n      <td>Sesame University<\/td>\n      <td>Tunisia<\/td>\n    <\/tr>\n    <tr>\n      <td>Zhi Ma<\/td>\n      <td>University of Bath<\/td>\n      <td>United Kingdom<\/td>\n    <\/tr>\n  <\/tbody>\n<\/table>\n\n\n\n<p><\/p>\n","protected":false},"excerpt":{"rendered":"<p>Owner \/ Publisher Dr. G\u00fcrhan Durak Bal\u0131kesir University, Necatibey Faculty of Education, Department of Instructional Technologies, T\u00fcrkiye The Open University, Institute of Educational Technology, United Kingdom (Orcid: 0000-0003-2944-3713) Editor-in-Chief Dr. G\u00fcrhan Durak&#8230;<\/p>\n","protected":false},"author":1,"featured_media":0,"parent":0,"menu_order":0,"comment_status":"closed","ping_status":"closed","template":"","meta":{"footnotes":""},"class_list":["post-85","page","type-page","status-publish","hentry"],"_links":{"self":[{"href":"https:\/\/j-ilt.com\/index.php\/wp-json\/wp\/v2\/pages\/85"}],"collection":[{"href":"https:\/\/j-ilt.com\/index.php\/wp-json\/wp\/v2\/pages"}],"about":[{"href":"https:\/\/j-ilt.com\/index.php\/wp-json\/wp\/v2\/types\/page"}],"author":[{"embeddable":true,"href":"https:\/\/j-ilt.com\/index.php\/wp-json\/wp\/v2\/users\/1"}],"replies":[{"embeddable":true,"href":"https:\/\/j-ilt.com\/index.php\/wp-json\/wp\/v2\/comments?post=85"}],"version-history":[{"count":69,"href":"https:\/\/j-ilt.com\/index.php\/wp-json\/wp\/v2\/pages\/85\/revisions"}],"predecessor-version":[{"id":426,"href":"https:\/\/j-ilt.com\/index.php\/wp-json\/wp\/v2\/pages\/85\/revisions\/426"}],"wp:attachment":[{"href":"https:\/\/j-ilt.com\/index.php\/wp-json\/wp\/v2\/media?parent=85"}],"curies":[{"name":"wp","href":"https:\/\/api.w.org\/{rel}","templated":true}]}}